{"id":869,"date":"2022-01-05T18:09:21","date_gmt":"2022-01-05T18:09:21","guid":{"rendered":"http:\/\/angelina-konrad.de\/?page_id=869"},"modified":"2025-12-20T23:56:34","modified_gmt":"2025-12-20T23:56:34","slug":"kreuzweg","status":"publish","type":"page","link":"https:\/\/angelina-konrad.de\/?page_id=869","title":{"rendered":"Kreuzweg"},"content":{"rendered":"\n<p><small>Mischtechnik auf Weinfilterschichten, je 40 x 40 cm (2004)<\/small><\/p>\n\n\n<div class=\"wp-block-image\">\n<figure class=\"aligncenter\"><img loading=\"lazy\" decoding=\"async\" width=\"500\" height=\"500\" src=\"https:\/\/angelina-konrad.de\/wp-content\/uploads\/2022\/01\/01.jpg\" alt=\"\" class=\"wp-image-871\" srcset=\"https:\/\/angelina-konrad.de\/wp-content\/uploads\/2022\/01\/01.jpg 500w, https:\/\/angelina-konrad.de\/wp-content\/uploads\/2022\/01\/01-300x300.jpg 300w, https:\/\/angelina-konrad.de\/wp-content\/uploads\/2022\/01\/01-150x150.jpg 150w\" sizes=\"auto, (max-width: 500px) 100vw, 500px\" \/><figcaption class=\"wp-element-caption\"><strong>1. Station<\/strong><\/figcaption><\/figure>\n<\/div>\n\n<div class=\"wp-block-image\">\n<figure class=\"aligncenter size-large\"><img loading=\"lazy\" decoding=\"async\" width=\"500\" height=\"500\" src=\"https:\/\/angelina-konrad.de\/wp-content\/uploads\/2022\/01\/02.jpg\" alt=\"\" class=\"wp-image-872\" srcset=\"https:\/\/angelina-konrad.de\/wp-content\/uploads\/2022\/01\/02.jpg 500w, https:\/\/angelina-konrad.de\/wp-content\/uploads\/2022\/01\/02-300x300.jpg 300w, https:\/\/angelina-konrad.de\/wp-content\/uploads\/2022\/01\/02-150x150.jpg 150w\" sizes=\"auto, (max-width: 500px) 100vw, 500px\" \/><figcaption class=\"wp-element-caption\"><strong>2. Station<\/strong><\/figcaption><\/figure>\n<\/div>\n\n<div class=\"wp-block-image\">\n<figure class=\"aligncenter size-large\"><img loading=\"lazy\" decoding=\"async\" width=\"500\" height=\"500\" src=\"https:\/\/angelina-konrad.de\/wp-content\/uploads\/2022\/01\/03.jpg\" alt=\"\" class=\"wp-image-873\" srcset=\"https:\/\/angelina-konrad.de\/wp-content\/uploads\/2022\/01\/03.jpg 500w, https:\/\/angelina-konrad.de\/wp-content\/uploads\/2022\/01\/03-300x300.jpg 300w, https:\/\/angelina-konrad.de\/wp-content\/uploads\/2022\/01\/03-150x150.jpg 150w\" sizes=\"auto, (max-width: 500px) 100vw, 500px\" \/><figcaption class=\"wp-element-caption\"><strong>3. Station<\/strong><\/figcaption><\/figure>\n<\/div>\n\n<div class=\"wp-block-image\">\n<figure class=\"aligncenter size-large\"><img loading=\"lazy\" decoding=\"async\" width=\"500\" height=\"500\" src=\"https:\/\/angelina-konrad.de\/wp-content\/uploads\/2022\/01\/04.jpg\" alt=\"\" class=\"wp-image-874\" srcset=\"https:\/\/angelina-konrad.de\/wp-content\/uploads\/2022\/01\/04.jpg 500w, https:\/\/angelina-konrad.de\/wp-content\/uploads\/2022\/01\/04-300x300.jpg 300w, https:\/\/angelina-konrad.de\/wp-content\/uploads\/2022\/01\/04-150x150.jpg 150w\" sizes=\"auto, (max-width: 500px) 100vw, 500px\" \/><figcaption class=\"wp-element-caption\"><strong>4. Station<\/strong><\/figcaption><\/figure>\n<\/div>\n\n<div class=\"wp-block-image\">\n<figure class=\"aligncenter size-large\"><img loading=\"lazy\" decoding=\"async\" width=\"500\" height=\"500\" src=\"https:\/\/angelina-konrad.de\/wp-content\/uploads\/2022\/01\/05.jpg\" alt=\"\" class=\"wp-image-875\" srcset=\"https:\/\/angelina-konrad.de\/wp-content\/uploads\/2022\/01\/05.jpg 500w, https:\/\/angelina-konrad.de\/wp-content\/uploads\/2022\/01\/05-300x300.jpg 300w, https:\/\/angelina-konrad.de\/wp-content\/uploads\/2022\/01\/05-150x150.jpg 150w\" sizes=\"auto, (max-width: 500px) 100vw, 500px\" \/><figcaption class=\"wp-element-caption\"><strong>5. Station<\/strong><\/figcaption><\/figure>\n<\/div>\n\n<div class=\"wp-block-image\">\n<figure class=\"aligncenter size-large\"><img loading=\"lazy\" decoding=\"async\" width=\"500\" height=\"500\" src=\"https:\/\/angelina-konrad.de\/wp-content\/uploads\/2022\/01\/06.jpg\" alt=\"\" class=\"wp-image-876\" srcset=\"https:\/\/angelina-konrad.de\/wp-content\/uploads\/2022\/01\/06.jpg 500w, https:\/\/angelina-konrad.de\/wp-content\/uploads\/2022\/01\/06-300x300.jpg 300w, https:\/\/angelina-konrad.de\/wp-content\/uploads\/2022\/01\/06-150x150.jpg 150w\" sizes=\"auto, (max-width: 500px) 100vw, 500px\" \/><figcaption class=\"wp-element-caption\"><strong>6. Station<\/strong><\/figcaption><\/figure>\n<\/div>\n\n<div class=\"wp-block-image\">\n<figure class=\"aligncenter size-large\"><img loading=\"lazy\" decoding=\"async\" width=\"500\" height=\"500\" src=\"https:\/\/angelina-konrad.de\/wp-content\/uploads\/2022\/01\/07.jpg\" alt=\"\" class=\"wp-image-877\" srcset=\"https:\/\/angelina-konrad.de\/wp-content\/uploads\/2022\/01\/07.jpg 500w, https:\/\/angelina-konrad.de\/wp-content\/uploads\/2022\/01\/07-300x300.jpg 300w, https:\/\/angelina-konrad.de\/wp-content\/uploads\/2022\/01\/07-150x150.jpg 150w\" sizes=\"auto, (max-width: 500px) 100vw, 500px\" \/><figcaption class=\"wp-element-caption\"><strong>7. Station<\/strong><\/figcaption><\/figure>\n<\/div>\n\n<div class=\"wp-block-image\">\n<figure class=\"aligncenter size-large\"><img loading=\"lazy\" decoding=\"async\" width=\"500\" height=\"500\" src=\"https:\/\/angelina-konrad.de\/wp-content\/uploads\/2022\/01\/08.jpg\" alt=\"\" class=\"wp-image-878\" srcset=\"https:\/\/angelina-konrad.de\/wp-content\/uploads\/2022\/01\/08.jpg 500w, https:\/\/angelina-konrad.de\/wp-content\/uploads\/2022\/01\/08-300x300.jpg 300w, https:\/\/angelina-konrad.de\/wp-content\/uploads\/2022\/01\/08-150x150.jpg 150w\" sizes=\"auto, (max-width: 500px) 100vw, 500px\" \/><figcaption class=\"wp-element-caption\"><strong>8. Station<\/strong><\/figcaption><\/figure>\n<\/div>\n\n<div class=\"wp-block-image\">\n<figure class=\"aligncenter size-large\"><img loading=\"lazy\" decoding=\"async\" width=\"500\" height=\"500\" src=\"https:\/\/angelina-konrad.de\/wp-content\/uploads\/2022\/01\/09.jpg\" alt=\"\" class=\"wp-image-879\" srcset=\"https:\/\/angelina-konrad.de\/wp-content\/uploads\/2022\/01\/09.jpg 500w, https:\/\/angelina-konrad.de\/wp-content\/uploads\/2022\/01\/09-300x300.jpg 300w, https:\/\/angelina-konrad.de\/wp-content\/uploads\/2022\/01\/09-150x150.jpg 150w\" sizes=\"auto, (max-width: 500px) 100vw, 500px\" \/><figcaption class=\"wp-element-caption\"><strong>9. Station<\/strong><\/figcaption><\/figure>\n<\/div>\n\n<div class=\"wp-block-image\">\n<figure class=\"aligncenter size-large\"><img loading=\"lazy\" decoding=\"async\" width=\"500\" height=\"500\" src=\"https:\/\/angelina-konrad.de\/wp-content\/uploads\/2022\/01\/10.jpg\" alt=\"\" class=\"wp-image-880\" srcset=\"https:\/\/angelina-konrad.de\/wp-content\/uploads\/2022\/01\/10.jpg 500w, https:\/\/angelina-konrad.de\/wp-content\/uploads\/2022\/01\/10-300x300.jpg 300w, https:\/\/angelina-konrad.de\/wp-content\/uploads\/2022\/01\/10-150x150.jpg 150w\" sizes=\"auto, (max-width: 500px) 100vw, 500px\" \/><figcaption class=\"wp-element-caption\"><strong>10. Station<\/strong><\/figcaption><\/figure>\n<\/div>\n\n<div class=\"wp-block-image\">\n<figure class=\"aligncenter size-large\"><img loading=\"lazy\" decoding=\"async\" width=\"500\" height=\"500\" src=\"https:\/\/angelina-konrad.de\/wp-content\/uploads\/2022\/01\/11.jpg\" alt=\"\" class=\"wp-image-881\" srcset=\"https:\/\/angelina-konrad.de\/wp-content\/uploads\/2022\/01\/11.jpg 500w, https:\/\/angelina-konrad.de\/wp-content\/uploads\/2022\/01\/11-300x300.jpg 300w, https:\/\/angelina-konrad.de\/wp-content\/uploads\/2022\/01\/11-150x150.jpg 150w\" sizes=\"auto, (max-width: 500px) 100vw, 500px\" \/><figcaption class=\"wp-element-caption\"><strong>11. Station<\/strong><\/figcaption><\/figure>\n<\/div>\n\n<div class=\"wp-block-image\">\n<figure class=\"aligncenter size-large\"><img loading=\"lazy\" decoding=\"async\" width=\"500\" height=\"500\" src=\"https:\/\/angelina-konrad.de\/wp-content\/uploads\/2022\/01\/12.jpg\" alt=\"\" class=\"wp-image-882\" srcset=\"https:\/\/angelina-konrad.de\/wp-content\/uploads\/2022\/01\/12.jpg 500w, https:\/\/angelina-konrad.de\/wp-content\/uploads\/2022\/01\/12-300x300.jpg 300w, https:\/\/angelina-konrad.de\/wp-content\/uploads\/2022\/01\/12-150x150.jpg 150w\" sizes=\"auto, (max-width: 500px) 100vw, 500px\" \/><figcaption class=\"wp-element-caption\"><strong>12. Station<\/strong><\/figcaption><\/figure>\n<\/div>\n\n<div class=\"wp-block-image\">\n<figure class=\"aligncenter size-large\"><img loading=\"lazy\" decoding=\"async\" width=\"500\" height=\"500\" src=\"https:\/\/angelina-konrad.de\/wp-content\/uploads\/2022\/01\/13.jpg\" alt=\"\" class=\"wp-image-883\" srcset=\"https:\/\/angelina-konrad.de\/wp-content\/uploads\/2022\/01\/13.jpg 500w, https:\/\/angelina-konrad.de\/wp-content\/uploads\/2022\/01\/13-300x300.jpg 300w, https:\/\/angelina-konrad.de\/wp-content\/uploads\/2022\/01\/13-150x150.jpg 150w\" sizes=\"auto, (max-width: 500px) 100vw, 500px\" \/><figcaption class=\"wp-element-caption\"><strong>13. Station<\/strong><\/figcaption><\/figure>\n<\/div>\n\n<div class=\"wp-block-image\">\n<figure class=\"aligncenter size-large is-resized\"><img loading=\"lazy\" decoding=\"async\" width=\"500\" height=\"500\" src=\"https:\/\/angelina-konrad.de\/wp-content\/uploads\/2022\/01\/14.jpg\" alt=\"\" class=\"wp-image-884\" style=\"width:500px;height:500px\" srcset=\"https:\/\/angelina-konrad.de\/wp-content\/uploads\/2022\/01\/14.jpg 500w, https:\/\/angelina-konrad.de\/wp-content\/uploads\/2022\/01\/14-300x300.jpg 300w, https:\/\/angelina-konrad.de\/wp-content\/uploads\/2022\/01\/14-150x150.jpg 150w\" sizes=\"auto, (max-width: 500px) 100vw, 500px\" \/><figcaption class=\"wp-element-caption\"><strong>14. Station<\/strong><\/figcaption><\/figure>\n<\/div>\n\n\n<p><a href=\"https:\/\/angelina-konrad.de\/wp-content\/uploads\/2025\/12\/Kreuzweg_Text_Josef_Sauerborn_2004.pdf\" data-type=\"attachment\" data-id=\"997\" target=\"_blank\" rel=\"noreferrer noopener\">Text zu dem Kreuzweg von Pr\u00e4lat Josef Sauerborn, K\u00fcnstlerseelsorger der Erzdi\u00f6zese K\u00f6ln<\/a><\/p>\n\n\n\n<p><\/p>\n","protected":false},"excerpt":{"rendered":"<p>Mischtechnik auf Weinfilterschichten, je 40 x 40 cm (2004) Text zu dem Kreuzweg von Pr\u00e4lat Josef Sauerborn, K\u00fcnstlerseelsorger der Erzdi\u00f6zese K\u00f6ln<\/p>\n","protected":false},"author":1,"featured_media":0,"parent":204,"menu_order":0,"comment_status":"closed","ping_status":"closed","template":"page-templates\/full-width.php","meta":{"footnotes":""},"class_list":["post-869","page","type-page","status-publish","h-entry","hentry","h-as-page"],"_links":{"self":[{"href":"https:\/\/angelina-konrad.de\/index.php?rest_route=\/wp\/v2\/pages\/869","targetHints":{"allow":["GET"]}}],"collection":[{"href":"https:\/\/angelina-konrad.de\/index.php?rest_route=\/wp\/v2\/pages"}],"about":[{"href":"https:\/\/angelina-konrad.de\/index.php?rest_route=\/wp\/v2\/types\/page"}],"author":[{"embeddable":true,"href":"https:\/\/angelina-konrad.de\/index.php?rest_route=\/wp\/v2\/users\/1"}],"replies":[{"embeddable":true,"href":"https:\/\/angelina-konrad.de\/index.php?rest_route=%2Fwp%2Fv2%2Fcomments&post=869"}],"version-history":[{"count":8,"href":"https:\/\/angelina-konrad.de\/index.php?rest_route=\/wp\/v2\/pages\/869\/revisions"}],"predecessor-version":[{"id":1004,"href":"https:\/\/angelina-konrad.de\/index.php?rest_route=\/wp\/v2\/pages\/869\/revisions\/1004"}],"up":[{"embeddable":true,"href":"https:\/\/angelina-konrad.de\/index.php?rest_route=\/wp\/v2\/pages\/204"}],"wp:attachment":[{"href":"https:\/\/angelina-konrad.de\/index.php?rest_route=%2Fwp%2Fv2%2Fmedia&parent=869"}],"curies":[{"name":"wp","href":"https:\/\/api.w.org\/{rel}","templated":true}]}}