{"id":40,"date":"2018-05-18T18:08:46","date_gmt":"2018-05-18T18:08:46","guid":{"rendered":"http:\/\/angelina-konrad.de\/?page_id=40"},"modified":"2026-04-27T18:42:54","modified_gmt":"2026-04-27T18:42:54","slug":"startseite","status":"publish","type":"page","link":"https:\/\/angelina-konrad.de\/","title":{"rendered":"Aktuelle Arbeiten"},"content":{"rendered":"\n<figure class=\"wp-block-image size-full\"><img loading=\"lazy\" decoding=\"async\" width=\"800\" height=\"800\" src=\"https:\/\/angelina-konrad.de\/wp-content\/uploads\/2026\/04\/hinterglas_09_web.jpg\" alt=\"\" class=\"wp-image-1029\" srcset=\"https:\/\/angelina-konrad.de\/wp-content\/uploads\/2026\/04\/hinterglas_09_web.jpg 800w, https:\/\/angelina-konrad.de\/wp-content\/uploads\/2026\/04\/hinterglas_09_web-300x300.jpg 300w, https:\/\/angelina-konrad.de\/wp-content\/uploads\/2026\/04\/hinterglas_09_web-150x150.jpg 150w, https:\/\/angelina-konrad.de\/wp-content\/uploads\/2026\/04\/hinterglas_09_web-768x768.jpg 768w\" sizes=\"auto, (max-width: 800px) 100vw, 800px\" \/><figcaption class=\"wp-element-caption\"><strong>Hinterglasbild<\/strong> (2026)<br>Neunaigener Z\u00e4hlung Nr. 9<br>50 x 50 cm<\/figcaption><\/figure>\n\n\n\n<figure class=\"wp-block-image size-full\"><img loading=\"lazy\" decoding=\"async\" width=\"800\" height=\"796\" src=\"https:\/\/angelina-konrad.de\/wp-content\/uploads\/2026\/03\/hinterglas_08_web.jpg\" alt=\"Hinterglasbild Mann mit Bulldog\" class=\"wp-image-1025\" srcset=\"https:\/\/angelina-konrad.de\/wp-content\/uploads\/2026\/03\/hinterglas_08_web.jpg 800w, https:\/\/angelina-konrad.de\/wp-content\/uploads\/2026\/03\/hinterglas_08_web-300x300.jpg 300w, https:\/\/angelina-konrad.de\/wp-content\/uploads\/2026\/03\/hinterglas_08_web-150x150.jpg 150w, https:\/\/angelina-konrad.de\/wp-content\/uploads\/2026\/03\/hinterglas_08_web-768x764.jpg 768w\" sizes=\"auto, (max-width: 800px) 100vw, 800px\" \/><\/figure>\n\n\n\n<p><strong>Hinterglasbild<\/strong> (2026)<br>Neunaigener Z\u00e4hlung Nr. 8<br>50 x 50 cm<\/p>\n\n\n\n<figure class=\"wp-block-image size-full\"><img loading=\"lazy\" decoding=\"async\" width=\"800\" height=\"805\" src=\"https:\/\/angelina-konrad.de\/wp-content\/uploads\/2026\/03\/hinterglas_07_web.jpg\" alt=\"\" class=\"wp-image-1021\" srcset=\"https:\/\/angelina-konrad.de\/wp-content\/uploads\/2026\/03\/hinterglas_07_web.jpg 800w, https:\/\/angelina-konrad.de\/wp-content\/uploads\/2026\/03\/hinterglas_07_web-298x300.jpg 298w, https:\/\/angelina-konrad.de\/wp-content\/uploads\/2026\/03\/hinterglas_07_web-150x150.jpg 150w, https:\/\/angelina-konrad.de\/wp-content\/uploads\/2026\/03\/hinterglas_07_web-768x773.jpg 768w\" sizes=\"auto, (max-width: 800px) 100vw, 800px\" \/><\/figure>\n\n\n\n<p><strong>Hinterglasbild<\/strong> (2026)<br>Neunaigener Z\u00e4hlung Nr. 7<br>50 x 50 cm<\/p>\n\n\n\n<figure class=\"wp-block-image size-full\"><img loading=\"lazy\" decoding=\"async\" width=\"800\" height=\"800\" src=\"https:\/\/angelina-konrad.de\/wp-content\/uploads\/2026\/02\/hinterglas_06_web.jpg\" alt=\"\" class=\"wp-image-1016\" srcset=\"https:\/\/angelina-konrad.de\/wp-content\/uploads\/2026\/02\/hinterglas_06_web.jpg 800w, https:\/\/angelina-konrad.de\/wp-content\/uploads\/2026\/02\/hinterglas_06_web-300x300.jpg 300w, https:\/\/angelina-konrad.de\/wp-content\/uploads\/2026\/02\/hinterglas_06_web-150x150.jpg 150w, https:\/\/angelina-konrad.de\/wp-content\/uploads\/2026\/02\/hinterglas_06_web-768x768.jpg 768w\" sizes=\"auto, (max-width: 800px) 100vw, 800px\" \/><figcaption class=\"wp-element-caption\"><strong>Hinterglasbild<\/strong> (2026)<br>Neunaigener Z\u00e4hlung Nr. 6<br>40 x 40 cm<\/figcaption><\/figure>\n\n\n\n<figure class=\"wp-block-image size-full\"><img loading=\"lazy\" decoding=\"async\" width=\"800\" height=\"800\" src=\"https:\/\/angelina-konrad.de\/wp-content\/uploads\/2026\/01\/hinterglas_05_web.jpg\" alt=\"\" class=\"wp-image-1012\" srcset=\"https:\/\/angelina-konrad.de\/wp-content\/uploads\/2026\/01\/hinterglas_05_web.jpg 800w, https:\/\/angelina-konrad.de\/wp-content\/uploads\/2026\/01\/hinterglas_05_web-300x300.jpg 300w, https:\/\/angelina-konrad.de\/wp-content\/uploads\/2026\/01\/hinterglas_05_web-150x150.jpg 150w, https:\/\/angelina-konrad.de\/wp-content\/uploads\/2026\/01\/hinterglas_05_web-768x768.jpg 768w\" sizes=\"auto, (max-width: 800px) 100vw, 800px\" \/><figcaption class=\"wp-element-caption\"><strong>Hinterglasbild<\/strong> (2026)<br>Neunaigener Z\u00e4hlung Nr. 5<br>40 x 40 cm<\/figcaption><\/figure>\n\n\n\n<figure class=\"wp-block-image size-full\"><img loading=\"lazy\" decoding=\"async\" width=\"800\" height=\"800\" src=\"https:\/\/angelina-konrad.de\/wp-content\/uploads\/2025\/05\/hinterglas_04_web.jpg\" alt=\"\" class=\"wp-image-993\" srcset=\"https:\/\/angelina-konrad.de\/wp-content\/uploads\/2025\/05\/hinterglas_04_web.jpg 800w, https:\/\/angelina-konrad.de\/wp-content\/uploads\/2025\/05\/hinterglas_04_web-300x300.jpg 300w, https:\/\/angelina-konrad.de\/wp-content\/uploads\/2025\/05\/hinterglas_04_web-150x150.jpg 150w, https:\/\/angelina-konrad.de\/wp-content\/uploads\/2025\/05\/hinterglas_04_web-768x768.jpg 768w\" sizes=\"auto, (max-width: 800px) 100vw, 800px\" \/><figcaption class=\"wp-element-caption\"><strong>Hinterglasbild<\/strong> (2025)<br>Neunaigener Z\u00e4hlung Nr. 4<br>50 x 50 cm<\/figcaption><\/figure>\n\n\n\n<p><\/p>\n\n\n\n<figure class=\"wp-block-image size-full\"><img loading=\"lazy\" decoding=\"async\" width=\"800\" height=\"800\" src=\"https:\/\/angelina-konrad.de\/wp-content\/uploads\/2025\/03\/hinterglas_03_web.jpg\" alt=\"\" class=\"wp-image-972\" srcset=\"https:\/\/angelina-konrad.de\/wp-content\/uploads\/2025\/03\/hinterglas_03_web.jpg 800w, https:\/\/angelina-konrad.de\/wp-content\/uploads\/2025\/03\/hinterglas_03_web-300x300.jpg 300w, https:\/\/angelina-konrad.de\/wp-content\/uploads\/2025\/03\/hinterglas_03_web-150x150.jpg 150w, https:\/\/angelina-konrad.de\/wp-content\/uploads\/2025\/03\/hinterglas_03_web-768x768.jpg 768w\" sizes=\"auto, (max-width: 800px) 100vw, 800px\" \/><figcaption class=\"wp-element-caption\"><strong>Hinterglasbild<\/strong> (2025)<br><em>Neunaigener Z\u00e4hlung Nr. 3<\/em><br>50 x 50 cm<\/figcaption><\/figure>\n\n\n\n<figure class=\"wp-block-image size-full\"><img loading=\"lazy\" decoding=\"async\" width=\"800\" height=\"800\" src=\"https:\/\/angelina-konrad.de\/wp-content\/uploads\/2025\/03\/hinterglas_02_web.jpg\" alt=\"\" class=\"wp-image-971\" srcset=\"https:\/\/angelina-konrad.de\/wp-content\/uploads\/2025\/03\/hinterglas_02_web.jpg 800w, https:\/\/angelina-konrad.de\/wp-content\/uploads\/2025\/03\/hinterglas_02_web-300x300.jpg 300w, https:\/\/angelina-konrad.de\/wp-content\/uploads\/2025\/03\/hinterglas_02_web-150x150.jpg 150w, https:\/\/angelina-konrad.de\/wp-content\/uploads\/2025\/03\/hinterglas_02_web-768x768.jpg 768w\" sizes=\"auto, (max-width: 800px) 100vw, 800px\" \/><\/figure>\n\n\n\n<p><strong>Hinterglasbild<\/strong> (2025)<br><em>Neunaigener Z\u00e4hlung Nr. <\/em>2<br>50 x 50 cm<\/p>\n\n\n\n<p><\/p>\n\n\n\n<figure class=\"wp-block-image size-full\"><img loading=\"lazy\" decoding=\"async\" width=\"800\" height=\"800\" src=\"https:\/\/angelina-konrad.de\/wp-content\/uploads\/2025\/03\/hinterglas_01_web.jpg\" alt=\"\" class=\"wp-image-970\" srcset=\"https:\/\/angelina-konrad.de\/wp-content\/uploads\/2025\/03\/hinterglas_01_web.jpg 800w, https:\/\/angelina-konrad.de\/wp-content\/uploads\/2025\/03\/hinterglas_01_web-300x300.jpg 300w, https:\/\/angelina-konrad.de\/wp-content\/uploads\/2025\/03\/hinterglas_01_web-150x150.jpg 150w, https:\/\/angelina-konrad.de\/wp-content\/uploads\/2025\/03\/hinterglas_01_web-768x768.jpg 768w\" sizes=\"auto, (max-width: 800px) 100vw, 800px\" \/><\/figure>\n\n\n\n<p><strong>Hinterglasbild<\/strong> (2025)<br><em>Neunaigener Z\u00e4hlung Nr. 1<\/em><br>50 x 50 cm<\/p>\n\n\n\n<p><\/p>\n","protected":false},"excerpt":{"rendered":"<p>Hinterglasbild (2026)Neunaigener Z\u00e4hlung Nr. 850 x 50 cm Hinterglasbild (2026)Neunaigener Z\u00e4hlung Nr. 750 x 50 cm Hinterglasbild (2025)Neunaigener Z\u00e4hlung Nr. 250 x 50 cm Hinterglasbild (2025)Neunaigener Z\u00e4hlung Nr. 150 x 50 cm<\/p>\n","protected":false},"author":1,"featured_media":0,"parent":0,"menu_order":1,"comment_status":"closed","ping_status":"closed","template":"page-templates\/full-width.php","meta":{"footnotes":""},"class_list":["post-40","page","type-page","status-publish","h-entry","hentry","h-as-page"],"_links":{"self":[{"href":"https:\/\/angelina-konrad.de\/index.php?rest_route=\/wp\/v2\/pages\/40","targetHints":{"allow":["GET"]}}],"collection":[{"href":"https:\/\/angelina-konrad.de\/index.php?rest_route=\/wp\/v2\/pages"}],"about":[{"href":"https:\/\/angelina-konrad.de\/index.php?rest_route=\/wp\/v2\/types\/page"}],"author":[{"embeddable":true,"href":"https:\/\/angelina-konrad.de\/index.php?rest_route=\/wp\/v2\/users\/1"}],"replies":[{"embeddable":true,"href":"https:\/\/angelina-konrad.de\/index.php?rest_route=%2Fwp%2Fv2%2Fcomments&post=40"}],"version-history":[{"count":118,"href":"https:\/\/angelina-konrad.de\/index.php?rest_route=\/wp\/v2\/pages\/40\/revisions"}],"predecessor-version":[{"id":1031,"href":"https:\/\/angelina-konrad.de\/index.php?rest_route=\/wp\/v2\/pages\/40\/revisions\/1031"}],"wp:attachment":[{"href":"https:\/\/angelina-konrad.de\/index.php?rest_route=%2Fwp%2Fv2%2Fmedia&parent=40"}],"curies":[{"name":"wp","href":"https:\/\/api.w.org\/{rel}","templated":true}]}}